{"id":15465,"date":"2025-04-10T14:06:30","date_gmt":"2025-04-10T14:06:30","guid":{"rendered":"https:\/\/tappetiautoasc.it\/prodotto\/asc-tappetini-auto-bagagliaio-compatibili-con-audi-a1-ii-gb-sportback-2018-2024-in-velluto-grigio-scuro-formato-originale-con-loghi-ricamati\/"},"modified":"2025-04-10T14:32:03","modified_gmt":"2025-04-10T14:32:03","slug":"asc-tappetini-auto-bagagliaio-compatibili-con-audi-a1-ii-gb-sportback-2018-2024","status":"publish","type":"product","link":"https:\/\/tappetiautoasc.it\/en\/product\/asc-tappetini-auto-bagagliaio-compatibili-con-audi-a1-ii-gb-sportback-2018-2024\/","title":{"rendered":"ASC tappetini auto + bagagliaio compatibili con Audi A1 II GB SPORTBACK 2018-2024"},"content":{"rendered":"<div id=\"aplus\" class=\"a-section a-spacing-large bucket\">\n<h1 id=\"title\" class=\"a-size-large a-spacing-none\"><span id=\"productTitle\" class=\"a-size-large product-title-word-break\">ASC tappetini auto + bagagliaio compatibili con Audi A1 II GB SPORTBACK 2018-2024 in velluto grigio scuro formato originale con loghi ricamati<\/span><\/h1>\n<hr class=\"bucketDivider\" noshade=\"noshade\" size=\"1\" \/>\n<h2>Descrizione prodotto<\/h2>\n<div class=\"aplus-v2 desktop celwidget\" data-csa-c-id=\"58kb8n-o1c99o-bkzpb1-8o7yg5\" data-cel-widget=\"aplus\">\n<div class=\"celwidget aplus-module module-7 aplus-standard\" data-csa-c-id=\"xditgx-xxb5ja-vh1qso-ulsvrg\" data-cel-widget=\"aplus-module-7\">\n<div class=\"aplus-module-wrapper apm-fixed-width\">\n<div class=\"apm-spacing apm-wrap\">\n<h3 class=\"a-spacing-small\">Benvenuto nel mondo della cura automobilistica al passo con lo stile e la funzionalit\u00e0! Scopri la nostra collezione di tappetini auto personalizzati dove la qualit\u00e0 incontra la creativit\u00e0.<\/h3>\n<div class=\"apm-floatleft apm-wrap\">\n<div class=\"apm-leftimage\"><img decoding=\"async\" class=\"a-spacing-mini\" src=\"https:\/\/tappetiautoasc.it\/wp-content\/uploads\/2025\/04\/67f7d06ea1b0c4eb9dd71e17cd398236f5c7bfcda40e536c335f1.jpg\" alt=\"logo 2\" data-src=\"https:\/\/m.media-amazon.com\/images\/S\/aplus-media-library-service-media\/c1694ff4-265f-45ac-9896-29b64de3f561.__CR126,44,340,340_PT0_SX300_V1___.png\" \/><\/div>\n<div class=\"apm-rightthirdcol\">\n<div class=\"apm-rightthirdcol-inner\">\n<h4>PROFESSIONALITA E CURA NEI DETTAGLI<\/h4>\n<p class=\"a-spacing-small a-size-small\">La &#8220;Cura nei Dettagli&#8221; che applichiamo \u00e8 il nostro modo di garantire un impegno appassionato e meticoloso. Ogni aspetto viene trattato con estrema precisione e attenzione amorevole, creando un risultato di altissima qualit\u00e0.<\/p>\n<\/div>\n<\/div>\n<div class=\"apm-centerthirdcol\">\n<h4 class=\"a-spacing-mini\">ASC TAPPETI AUTO<\/h4>\n<p class=\"a-spacing-base\">I tappetini in velluto di alta qualit\u00e0 sono accessori eleganti e funzionali per la tua . Progettati per adattarsi perfettamente agli interni, offrono un comfort superiore e una protezione duratura contro l&#8217;usura quotidiana. Questi tappetini non solo migliorano l&#8217;estetica dell&#8217;abitacolo, ma garantiscono anche un&#8217;esperienza di guida pi\u00f9 piacevole e personalizzata.<\/p>\n<h5>AZIENDA STORICA ITALIANA<\/h5>\n<p class=\"a-spacing-base\">Un&#8217;icona di eccellenza italiana, l&#8217;azienda storica incarna la maestria artigianale e l&#8217;innovazione intramontabile, intessendo una trama unica nella storia industriale del nostro paese.<\/p>\n<\/div>\n<\/div>\n<\/div>\n<\/div>\n<div><\/div>\n<\/div>\n<div class=\"celwidget aplus-module module-10 aplus-standard\" data-csa-c-id=\"nqvqmv-tv2gf4-bzgs7p-vhk09\" data-cel-widget=\"aplus-module-10\">\n<div class=\"aplus-module-wrapper apm-fixed-width\">\n<div class=\"apm-spacing\">\n<div class=\"apm-lefthalfcol\">\n<div>\n<p><img decoding=\"async\" class=\"apm-floatleft a-spacing-mini\" src=\"https:\/\/tappetiautoasc.it\/wp-content\/uploads\/2025\/04\/67f7d06ec7b0847f86937811df61e77702ef9aedec879a6c34880.jpg\" alt=\"Alta Qualita\" data-src=\"https:\/\/m.media-amazon.com\/images\/S\/aplus-media-library-service-media\/06911153-490f-4b89-92b8-7f16a5e8fb5e.__CR0,408,2448,2448_PT0_SX135_V1___.jpg\" \/><\/p>\n<h3 class=\"a-spacing-mini apm-iconheader\">Rinnova gli interni della tua auto con i nostri tappetini su misura!<\/h3>\n<\/div>\n<div><\/div>\n<div>\n<ul class=\"a-unordered-list a-vertical\">\n<li><span class=\"a-list-item\">Tutti i nostri modelli sono dotati di clip di ancoraggio come la sagoma originale.<\/span><\/li>\n<li><span class=\"a-list-item\">Il battitacco elettrosaldato non presenta nessuna cucitura e garantisce una resistenza agli urti nella zona pi\u00f9 utilizzata.<\/span><\/li>\n<li><span class=\"a-list-item\">Il montaggio \u00e8 molto semplice, basta appoggiarli in auto nella posizione corretta.<\/span><\/li>\n<\/ul>\n<\/div>\n<\/div>\n<div class=\"apm-righthalfcol\">\n<div>\n<p><img decoding=\"async\" class=\"apm-floatleft a-spacing-mini\" src=\"https:\/\/tappetiautoasc.it\/wp-content\/uploads\/2025\/04\/67f7d06ee88637084f0dd4ef82701fe62d6c5888fbb9e96118bc2.jpg\" alt=\"kit da 4 \" data-src=\"https:\/\/m.media-amazon.com\/images\/S\/aplus-media-library-service-media\/b78d6a21-740f-4503-be04-1ac65b851cc1.__CR0,290,2438,2438_PT0_SX135_V1___.jpg\" \/><\/p>\n<h3 class=\"a-spacing-mini apm-iconheader\">Tappetini auto su misura<\/h3>\n<\/div>\n<div><\/div>\n<div>\n<p class=\"a-spacing-base\">Da oltre 20 anni, ci impegniamo nel settore automobilistico per offrire i migliori prodotti disponibili sul web. Siamo appassionati di ci\u00f2 che facciamo, e il nostro obiettivo principale \u00e8 soddisfare al massimo le esigenze dei nostri clienti. I nostri tappetini su misura sono la soluzione perfetta per garantire una copertura completa del pianale, sagomati su ricalco originale. Con il nostro set composto da 4 tappetini (2 anteriori e 2 posteriori), avrai la certezza di ottenere una protezione ottimale per il tuo veicolo.<\/p>\n<\/div>\n<\/div>\n<div><\/div>\n<div class=\"apm-lefthalfcol\">\n<div>\n<p><img decoding=\"async\" class=\"apm-floatleft a-spacing-mini a-lazy-loaded\" src=\"https:\/\/tappetiautoasc.it\/wp-content\/uploads\/2025\/04\/67f7d06f158f9790a172fd9483ce096fae4e9da8a1fa4a04321b9.jpg\" alt=\"interni\" data-src=\"https:\/\/m.media-amazon.com\/images\/S\/aplus-media-library-service-media\/b3a2319a-3443-4e52-99d0-ae4adf30e635.__CR159,0,483,483_PT0_SX135_V1___.jpg\" \/><\/p>\n<h3 class=\"a-spacing-mini apm-iconheader\">Scegli la qualit\u00e0 che meriti, scegli i nostri tappetini oggi stesso!<\/h3>\n<\/div>\n<div><\/div>\n<div>\n<p class=\"a-spacing-base\">La qualit\u00e0 dei nostri prodotti \u00e8 una priorit\u00e0 assoluta, e siamo fieri di offrire un rapporto qualit\u00e0-costi altamente competitivi. Vogliamo che tu possa rinnovare e proteggere la tua auto senza dover affrontare spese non necessarie.<\/p>\n<p class=\"a-spacing-base\">Sappiamo che la tua auto merita il meglio, ed \u00e8 per questo che i nostri tappetini vengono confezionati su ordinazione direttamente nella nostra azienda. Seguiamo attentamente ogni fase del processo produttivo, garantendo che ogni dettaglio sia curato con la massima precisione e attenzione.<\/p>\n<\/div>\n<\/div>\n<div class=\"apm-righthalfcol\">\n<div>\n<p><img decoding=\"async\" class=\"apm-floatleft a-spacing-mini a-lazy-loaded\" src=\"https:\/\/tappetiautoasc.it\/wp-content\/uploads\/2025\/04\/67f7d06f80e993820442db9e72499bbf59ade77f85864898f7917.jpg\" alt=\"DSFRG\" data-src=\"https:\/\/m.media-amazon.com\/images\/S\/aplus-media-library-service-media\/527994b3-c1d0-4882-88a1-57a3cdd69448.__CR0,160,960,960_PT0_SX135_V1___.jpg\" \/><\/p>\n<h3 class=\"a-spacing-mini apm-iconheader\">L\u2019installazione dei nostri tappetini \u00e8 un gioco da ragazzi!<\/h3>\n<\/div>\n<div><\/div>\n<div>\n<p class=\"a-spacing-base\">Basta appoggiarli nella tua auto nella posizione corretta, e sarai pronto a goderti la comodit\u00e0 e lo stile che offrono. Inoltre, grazie alle clip di ancoraggio presenti su tutti i nostri modelli, potrai assicurarti che i tappetini restino saldamente al loro posto, proprio come la sagoma originale.<\/p>\n<p class=\"a-spacing-base\">Siamo consapevoli che ogni veicolo \u00e8 unico, ecco perch\u00e9 offriamo una vasta gamma di modelli che si adattano perfettamente alle dimensioni specifiche della tua auto. Basta fornirci marca, modello e anno di produzione, e ti garantiamo che riceverai i tappetini su misura perfetti per il tuo veicolo.<\/p>\n<\/div>\n<\/div>\n<\/div>\n<\/div>\n<div><\/div>\n<\/div>\n<div class=\"celwidget aplus-module module-12 aplus-standard\" data-csa-c-id=\"b14b1e-pkutwx-fif2p5-1xwraf\" data-cel-widget=\"aplus-module-12\">\n<div class=\"aplus-module-wrapper apm-spacing apm-floatnone apm-fixed-width\">\n<div class=\"apm-sidemodule aplus-module-content\">\n<div class=\"apm-hero-image\"><img decoding=\"async\" class=\"a-lazy-loaded\" src=\"https:\/\/tappetiautoasc.it\/wp-content\/uploads\/2025\/04\/67f7d06fa5f95e17a66f1d051020a774111343f394a7bfbabacf2.jpg\" alt=\"\" data-src=\"https:\/\/m.media-amazon.com\/images\/S\/aplus-media-library-service-media\/69d45323-7689-41f7-b46c-11d0f824a41a.__CR0,226,1024,317_PT0_SX970_V1___.jpg\" \/><\/div>\n<div class=\"textright apm-hero-text\">\n<h3>ASC ITALIA TAPPETI PER AUTOMOBILI<\/h3>\n<p>I migliori tappetini prodotti in Italia su misura compatibili con ogni auto<\/p>\n<\/div>\n<\/div>\n<\/div>\n<div><\/div>\n<\/div>\n<div class=\"celwidget aplus-module launchpad-company-logo aplus-standard\" data-csa-c-id=\"j8bduy-vk5h7p-4txnwr-wvzt8y\" data-cel-widget=\"aplus-launchpad-company-logo\">\n<div class=\"a-section a-text-center launchpad-module launchpad-module-company-logo\"><img decoding=\"async\" class=\"a-lazy-loaded\" src=\"https:\/\/tappetiautoasc.it\/wp-content\/uploads\/2025\/04\/67f7d06ff041fc038e32d34d45e616e9ff6de88347276b17b6207.jpg\" alt=\"logo3\" data-src=\"https:\/\/m.media-amazon.com\/images\/S\/aplus-media-library-service-media\/a12b4a13-b5f7-43ea-8516-c326195eac23.__CR210,0,1090,327_PT0_SX600_V1___.png\" \/><\/div>\n<\/div>\n<\/div>\n<\/div>","protected":false},"excerpt":{"rendered":"<div id=\"productOverview_feature_div\" class=\"celwidget\" data-feature-name=\"productOverview\" data-csa-c-type=\"widget\" data-csa-c-content-id=\"productOverview\" data-csa-c-slot-id=\"productOverview_feature_div\" data-csa-c-asin=\"B0DW97CQPB\" data-csa-c-is-in-initial-active-row=\"false\" data-csa-c-id=\"thny8b-56leet-djm7io-94vjw\" data-cel-widget=\"productOverview_feature_div\">\n<div class=\"a-section a-spacing-small a-spacing-top-small\">\n<h2 id=\"title\" class=\"a-size-large a-spacing-none\"><span id=\"productTitle\" class=\"a-size-large product-title-word-break\">Tappetini auto + bagagliaio compatibili con Audi A1 II GB SPORTBACK 2018-2024\u00a0<\/span><\/h2>\n<table class=\"a-normal a-spacing-micro\" role=\"list\">\n<tbody>\n<tr class=\"a-spacing-small po-color\" role=\"listitem\">\n<td class=\"a-span3\" role=\"presentation\"><span class=\"a-size-base a-text-bold\">Colore<\/span><\/td>\n<td class=\"a-span9\" role=\"presentation\"><span class=\"a-size-base po-break-word\">GRIGIO SCURO<\/span><\/td>\n<\/tr>\n<tr class=\"a-spacing-small po-brand\" role=\"listitem\">\n<td class=\"a-span3\" role=\"presentation\"><span class=\"a-size-base a-text-bold\">Marchio<\/span><\/td>\n<td class=\"a-span9\" role=\"presentation\"><span class=\"a-size-base po-break-word\">ASC<\/span><\/td>\n<\/tr>\n<tr class=\"a-spacing-small po-item_length_width_thickness\" role=\"listitem\">\n<td class=\"a-span3\" role=\"presentation\"><span class=\"a-size-base a-text-bold\">Dimensioni del prodotto<\/span><\/td>\n<td class=\"a-span9\" role=\"presentation\"><span class=\"a-size-base po-break-word\">70L x 50l x 3Gio cm<\/span><\/td>\n<\/tr>\n<tr class=\"a-spacing-small po-fit_type\" role=\"listitem\">\n<td class=\"a-span3\" role=\"presentation\"><span class=\"a-size-base a-text-bold\">Vestibilit\u00e0<\/span><\/td>\n<td class=\"a-span9\" role=\"presentation\"><span class=\"a-size-base po-break-word\">Specifica per veicolo<\/span><\/td>\n<\/tr>\n<tr class=\"a-spacing-small po-manufacturer\" role=\"listitem\">\n<td class=\"a-span3\" role=\"presentation\"><span class=\"a-size-base a-text-bold\">Produttore<\/span><\/td>\n<td class=\"a-span9\" role=\"presentation\"><span class=\"a-size-base po-break-word\">ASC<\/span><\/td>\n<\/tr>\n<tr class=\"a-spacing-small po-automotive_fit_type\" role=\"listitem\">\n<td class=\"a-span3\" role=\"presentation\"><span class=\"a-size-base a-text-bold\">Tipo di installazione automobilistica<\/span><\/td>\n<td class=\"a-span9\" role=\"presentation\"><span class=\"a-size-base po-break-word\">Specifico per veicolo<\/span><\/td>\n<\/tr>\n<\/tbody>\n<\/table>\n<\/div>\n<div id=\"glance_icons_div\" class=\"a-section a-spacing-top-base\">\n<hr class=\"a-divider-normal\" aria-hidden=\"true\" \/>\n<table class=\"a-normal\">\n<tbody>\n<tr class=\"a-spacing-base\">\n<td class=\"a-span6\">\n<table class=\"a-normal\">\n<tbody>\n<tr>\n<td><img decoding=\"async\" id=\"\" class=\"a-image-wrapper a-manually-loaded po-glance-desktop-icon\" src=\"https:\/\/m.media-amazon.com\/images\/I\/01a9-dByS4L.svg\" alt=\"\" data-a-image-source=\"https:\/\/m.media-amazon.com\/images\/I\/01a9-dByS4L.svg\" \/><\/td>\n<td><span class=\"a-size-base handle-overflow a-text-bold\">Materiale<\/span><br \/>\n<span class=\"a-size-base handle-overflow\">VELLUTO<\/span><\/td>\n<\/tr>\n<\/tbody>\n<\/table>\n<\/td>\n<td class=\"a-span6\">\n<table class=\"a-normal\">\n<tbody>\n<tr>\n<td><img decoding=\"async\" id=\"\" class=\"a-image-wrapper a-manually-loaded po-glance-desktop-icon\" src=\"https:\/\/m.media-amazon.com\/images\/I\/01L+q1ghkBL.svg\" alt=\"\" data-a-image-source=\"https:\/\/m.media-amazon.com\/images\/I\/01L+q1ghkBL.svg\" \/><\/td>\n<td><span class=\"a-size-base handle-overflow a-text-bold\">Tipo di servizio del veicolo<\/span><br \/>\n<span class=\"a-size-base handle-overflow\">Autovettura<\/span><\/td>\n<\/tr>\n<\/tbody>\n<\/table>\n<\/td>\n<\/tr>\n<\/tbody>\n<\/table>\n<\/div>\n<\/div>\n<div>\n<ul>\n<li class=\"a-spacing-mini\"><span class=\"a-list-item\"> Tappetini auto + bagagliaio su misura per la posizione lata del vano realizzati in velluto compatibili con Audi A1 II GB SPORTBACK 2018-2024 Sportback ,non compatibili con altre serie <\/span><\/li>\n<li class=\"a-spacing-mini\"><span class=\"a-list-item\"> Tutti i nostri tappetini vengono prodotti con moquette di alta qualit\u00e0-formato originale, inodore ,resistente e facile da pulire,sagomati su misura in base al pianale dell&#8217;auto <\/span><\/li>\n<li class=\"a-spacing-mini\"><span class=\"a-list-item\"> Perfetta aderenza con l\u2019utilizzo di bottoni per ancoraggio come da modello originale,tali dispositivi impediscono al tappeto di scivolare in avanti prevenendo pericolosi inconvenienti durante la guida <\/span><\/li>\n<li class=\"a-spacing-mini\"><span class=\"a-list-item\"> Bordo nero con loghi ricamati <\/span><\/li>\n<li class=\"a-spacing-mini\"><span class=\"a-list-item\"> Migliore rapporto qualit\u00e0-prezzo e materiale in vendita sul Web .Made in Italy <\/span><\/li>\n<\/ul>\n<\/div>","protected":false},"featured_media":15466,"template":"","meta":{"_joinchat":[]},"product_brand":[2316,2318],"product_cat":[2149,2306,1972,2305,2308,2307],"product_tag":[2381],"class_list":{"0":"post-15465","1":"product","2":"type-product","3":"status-publish","4":"has-post-thumbnail","6":"product_brand-asc","7":"product_brand-audi","8":"product_cat-a1","9":"product_cat-accessori-per-auto","10":"product_cat-audi","11":"product_cat-auto-e-moto","12":"product_cat-tappetini-abitacolo","13":"product_cat-tappetini-per-auto","14":"product_tag-dal-2018-al-2024","16":"first","17":"instock","18":"taxable","19":"shipping-taxable","20":"purchasable","21":"product-type-simple"},"_links":{"self":[{"href":"https:\/\/tappetiautoasc.it\/en\/wp-json\/wp\/v2\/product\/15465","targetHints":{"allow":["GET"]}}],"collection":[{"href":"https:\/\/tappetiautoasc.it\/en\/wp-json\/wp\/v2\/product"}],"about":[{"href":"https:\/\/tappetiautoasc.it\/en\/wp-json\/wp\/v2\/types\/product"}],"version-history":[{"count":3,"href":"https:\/\/tappetiautoasc.it\/en\/wp-json\/wp\/v2\/product\/15465\/revisions"}],"predecessor-version":[{"id":15481,"href":"https:\/\/tappetiautoasc.it\/en\/wp-json\/wp\/v2\/product\/15465\/revisions\/15481"}],"wp:featuredmedia":[{"embeddable":true,"href":"https:\/\/tappetiautoasc.it\/en\/wp-json\/wp\/v2\/media\/15466"}],"wp:attachment":[{"href":"https:\/\/tappetiautoasc.it\/en\/wp-json\/wp\/v2\/media?parent=15465"}],"wp:term":[{"taxonomy":"product_brand","embeddable":true,"href":"https:\/\/tappetiautoasc.it\/en\/wp-json\/wp\/v2\/product_brand?post=15465"},{"taxonomy":"product_cat","embeddable":true,"href":"https:\/\/tappetiautoasc.it\/en\/wp-json\/wp\/v2\/product_cat?post=15465"},{"taxonomy":"product_tag","embeddable":true,"href":"https:\/\/tappetiautoasc.it\/en\/wp-json\/wp\/v2\/product_tag?post=15465"}],"curies":[{"name":"wp","href":"https:\/\/api.w.org\/{rel}","templated":true}]}}