{"id":15378,"date":"2025-04-09T15:01:36","date_gmt":"2025-04-09T15:01:36","guid":{"rendered":"https:\/\/tappetiautoasc.it\/prodotto\/asc-tappetini-auto-compatibili-con-fiat-500x-cross-lounge-sport-2014-2024-moquette-bordo-antiscivolo-nero-bianco-battitacco-in-gomma\/"},"modified":"2025-04-09T15:14:34","modified_gmt":"2025-04-09T15:14:34","slug":"asc-tappetini-auto-compatibili-con-fiat-500x-cross-lounge-sport-2014-2024-2","status":"publish","type":"product","link":"https:\/\/tappetiautoasc.it\/en\/product\/asc-tappetini-auto-compatibili-con-fiat-500x-cross-lounge-sport-2014-2024-2\/","title":{"rendered":"ASC Tappetini Auto Compatibili con Fiat 500X Cross-Lounge-Sport 2014-2024"},"content":{"rendered":"<div id=\"aplus\" class=\"a-section a-spacing-large bucket\">\n<h1 id=\"title\" class=\"a-size-large a-spacing-none\"><span id=\"productTitle\" class=\"a-size-large product-title-word-break\">ASC Tappetini Auto Compatibili con Fiat 500X Cross-Lounge-Sport 2014-2024, Moquette, Bordo Antiscivolo Nero\/Bianco, Battitacco in Gomma<\/span><\/h1>\n<hr class=\"bucketDivider\" noshade=\"noshade\" size=\"1\" \/>\n<h2>Descrizione prodotto<\/h2>\n<div class=\"aplus-v2 desktop celwidget\" data-csa-c-id=\"j34thn-mtuhhk-sb7fts-sgoti3\" data-cel-widget=\"aplus\">\n<div class=\"celwidget aplus-module module-7 aplus-standard\" data-csa-c-id=\"uo5lb7-35y2gp-rbtg0-o13iv7\" data-cel-widget=\"aplus-module-7\">\n<div class=\"aplus-module-wrapper apm-fixed-width\">\n<div class=\"apm-spacing apm-wrap\">\n<h3 class=\"a-spacing-small\">Benvenuto nel mondo della cura automobilistica al passo con lo stile e la funzionalit\u00e0! Scopri la nostra collezione di tappetini auto personalizzati dove la qualit\u00e0 incontra la creativit\u00e0.<\/h3>\n<div class=\"apm-floatleft apm-wrap\">\n<div class=\"apm-leftimage\"><img decoding=\"async\" class=\"a-spacing-mini a-lazy-loaded\" src=\"https:\/\/tappetiautoasc.it\/wp-content\/uploads\/2025\/04\/67f68bdce45fd9f359a8eeedb358e7f4418ff47ea9b4943d5d444.jpg\" alt=\"logo 2\" data-src=\"https:\/\/m.media-amazon.com\/images\/S\/aplus-media-library-service-media\/c1694ff4-265f-45ac-9896-29b64de3f561.__CR126,44,340,340_PT0_SX300_V1___.png\" \/><\/div>\n<div class=\"apm-rightthirdcol\">\n<div class=\"apm-rightthirdcol-inner\">\n<h4>PROFESSIONALITA E CURA NEI DETTAGLI<\/h4>\n<p class=\"a-spacing-small a-size-small\">La &#8220;Cura nei Dettagli&#8221; che applichiamo \u00e8 il nostro modo di garantire un impegno appassionato e meticoloso. Ogni aspetto viene trattato con estrema precisione e attenzione amorevole, creando un risultato di altissima qualit\u00e0.<\/p>\n<\/div>\n<\/div>\n<div class=\"apm-centerthirdcol\">\n<h4 class=\"a-spacing-mini\">ASC TAPPETI AUTO<\/h4>\n<p class=\"a-spacing-base\">I tappetini in velluto di alta qualit\u00e0 sono accessori eleganti e funzionali per la tua . Progettati per adattarsi perfettamente agli interni, offrono un comfort superiore e una protezione duratura contro l&#8217;usura quotidiana. Questi tappetini non solo migliorano l&#8217;estetica dell&#8217;abitacolo, ma garantiscono anche un&#8217;esperienza di guida pi\u00f9 piacevole e personalizzata.<\/p>\n<h5>AZIENDA STORICA ITALIANA<\/h5>\n<p class=\"a-spacing-base\">Un&#8217;icona di eccellenza italiana, l&#8217;azienda storica incarna la maestria artigianale e l&#8217;innovazione intramontabile, intessendo una trama unica nella storia industriale del nostro paese.<\/p>\n<\/div>\n<\/div>\n<\/div>\n<\/div>\n<div><\/div>\n<\/div>\n<div class=\"celwidget aplus-module module-10 aplus-standard\" data-csa-c-id=\"nowg78-r842pv-g8ycir-6tqef3\" data-cel-widget=\"aplus-module-10\">\n<div class=\"aplus-module-wrapper apm-fixed-width\">\n<div class=\"apm-spacing\">\n<div class=\"apm-lefthalfcol\">\n<div>\n<p><img decoding=\"async\" class=\"apm-floatleft a-spacing-mini a-lazy-loaded\" src=\"https:\/\/tappetiautoasc.it\/wp-content\/uploads\/2025\/04\/67f68bdd1459a3b61432c4d816cd3244aea74f373559350c696a1.jpg\" alt=\"Alta Qualita\" data-src=\"https:\/\/m.media-amazon.com\/images\/S\/aplus-media-library-service-media\/06911153-490f-4b89-92b8-7f16a5e8fb5e.__CR0,408,2448,2448_PT0_SX135_V1___.jpg\" \/><\/p>\n<h3 class=\"a-spacing-mini apm-iconheader\">Rinnova gli interni della tua auto con i nostri tappetini su misura!<\/h3>\n<\/div>\n<div><\/div>\n<div>\n<ul class=\"a-unordered-list a-vertical\">\n<li><span class=\"a-list-item\">Tutti i nostri modelli sono dotati di clip di ancoraggio come la sagoma originale.<\/span><\/li>\n<li><span class=\"a-list-item\">Il battitacco elettrosaldato non presenta nessuna cucitura e garantisce una resistenza agli urti nella zona pi\u00f9 utilizzata.<\/span><\/li>\n<li><span class=\"a-list-item\">Il montaggio \u00e8 molto semplice, basta appoggiarli in auto nella posizione corretta.<\/span><\/li>\n<\/ul>\n<\/div>\n<\/div>\n<div class=\"apm-righthalfcol\">\n<div>\n<p><img decoding=\"async\" class=\"apm-floatleft a-spacing-mini a-lazy-loaded\" src=\"https:\/\/tappetiautoasc.it\/wp-content\/uploads\/2025\/04\/67f68bdd4accb2bd21e0513a022d9d14eb0fd78e9ddc3e28f015e.jpg\" alt=\"kit da 4 \" data-src=\"https:\/\/m.media-amazon.com\/images\/S\/aplus-media-library-service-media\/b78d6a21-740f-4503-be04-1ac65b851cc1.__CR0,290,2438,2438_PT0_SX135_V1___.jpg\" \/><\/p>\n<h3 class=\"a-spacing-mini apm-iconheader\">Tappetini auto su misura<\/h3>\n<\/div>\n<div><\/div>\n<div>\n<p class=\"a-spacing-base\">Da oltre 20 anni, ci impegniamo nel settore automobilistico per offrire i migliori prodotti disponibili sul web. Siamo appassionati di ci\u00f2 che facciamo, e il nostro obiettivo principale \u00e8 soddisfare al massimo le esigenze dei nostri clienti. I nostri tappetini su misura sono la soluzione perfetta per garantire una copertura completa del pianale, sagomati su ricalco originale. Con il nostro set composto da 4 tappetini (2 anteriori e 2 posteriori), avrai la certezza di ottenere una protezione ottimale per il tuo veicolo.<\/p>\n<\/div>\n<\/div>\n<div><\/div>\n<div class=\"apm-lefthalfcol\">\n<div>\n<p><img decoding=\"async\" class=\"apm-floatleft a-spacing-mini a-lazy-loaded\" src=\"https:\/\/tappetiautoasc.it\/wp-content\/uploads\/2025\/04\/67f68bdd71e0f74f496fa975a4e905e0984c5b92cc007d7d01871.jpg\" alt=\"interni\" data-src=\"https:\/\/m.media-amazon.com\/images\/S\/aplus-media-library-service-media\/b3a2319a-3443-4e52-99d0-ae4adf30e635.__CR159,0,483,483_PT0_SX135_V1___.jpg\" \/><\/p>\n<h3 class=\"a-spacing-mini apm-iconheader\">Scegli la qualit\u00e0 che meriti, scegli i nostri tappetini oggi stesso!<\/h3>\n<\/div>\n<div><\/div>\n<div>\n<p class=\"a-spacing-base\">La qualit\u00e0 dei nostri prodotti \u00e8 una priorit\u00e0 assoluta, e siamo fieri di offrire un rapporto qualit\u00e0-costi altamente competitivi. Vogliamo che tu possa rinnovare e proteggere la tua auto senza dover affrontare spese non necessarie.<\/p>\n<p class=\"a-spacing-base\">Sappiamo che la tua auto merita il meglio, ed \u00e8 per questo che i nostri tappetini vengono confezionati su ordinazione direttamente nella nostra azienda. Seguiamo attentamente ogni fase del processo produttivo, garantendo che ogni dettaglio sia curato con la massima precisione e attenzione.<\/p>\n<\/div>\n<\/div>\n<div class=\"apm-righthalfcol\">\n<div>\n<p><img decoding=\"async\" class=\"apm-floatleft a-spacing-mini a-lazy-loaded\" src=\"https:\/\/tappetiautoasc.it\/wp-content\/uploads\/2025\/04\/67f68bdd927b103c8eb4771901553ffd5e5947ee42b750ec8877a.jpg\" alt=\"DSFRG\" data-src=\"https:\/\/m.media-amazon.com\/images\/S\/aplus-media-library-service-media\/527994b3-c1d0-4882-88a1-57a3cdd69448.__CR0,160,960,960_PT0_SX135_V1___.jpg\" \/><\/p>\n<h3 class=\"a-spacing-mini apm-iconheader\">L\u2019installazione dei nostri tappetini \u00e8 un gioco da ragazzi!<\/h3>\n<\/div>\n<div><\/div>\n<div>\n<p class=\"a-spacing-base\">Basta appoggiarli nella tua auto nella posizione corretta, e sarai pronto a goderti la comodit\u00e0 e lo stile che offrono. Inoltre, grazie alle clip di ancoraggio presenti su tutti i nostri modelli, potrai assicurarti che i tappetini restino saldamente al loro posto, proprio come la sagoma originale.<\/p>\n<p class=\"a-spacing-base\">Siamo consapevoli che ogni veicolo \u00e8 unico, ecco perch\u00e9 offriamo una vasta gamma di modelli che si adattano perfettamente alle dimensioni specifiche della tua auto. Basta fornirci marca, modello e anno di produzione, e ti garantiamo che riceverai i tappetini su misura perfetti per il tuo veicolo.<\/p>\n<\/div>\n<\/div>\n<\/div>\n<\/div>\n<div><\/div>\n<\/div>\n<div class=\"celwidget aplus-module module-12 aplus-standard\" data-csa-c-id=\"veqc9z-cq6k54-5ifzq8-48hmxu\" data-cel-widget=\"aplus-module-12\">\n<div class=\"aplus-module-wrapper apm-spacing apm-floatnone apm-fixed-width\">\n<div class=\"apm-sidemodule aplus-module-content\">\n<div class=\"apm-hero-image\"><img decoding=\"async\" class=\"a-lazy-loaded\" src=\"https:\/\/tappetiautoasc.it\/wp-content\/uploads\/2025\/04\/67f68bddb0343d711740cbf53c96b6d373487d4707cf9e4d31d59.jpg\" alt=\"\" data-src=\"https:\/\/m.media-amazon.com\/images\/S\/aplus-media-library-service-media\/69d45323-7689-41f7-b46c-11d0f824a41a.__CR0,226,1024,317_PT0_SX970_V1___.jpg\" \/><\/div>\n<div class=\"textright apm-hero-text\">\n<h3>ASC ITALIA TAPPETI PER AUTOMOBILI<\/h3>\n<p>I migliori tappetini prodotti in Italia su misura compatibili con ogni auto<\/p>\n<\/div>\n<\/div>\n<\/div>\n<div><\/div>\n<\/div>\n<div class=\"celwidget aplus-module launchpad-company-logo aplus-standard\" data-csa-c-id=\"z5v9z1-jc6q3b-jpdfyf-dkcg2u\" data-cel-widget=\"aplus-launchpad-company-logo\">\n<div class=\"a-section a-text-center launchpad-module launchpad-module-company-logo\"><img decoding=\"async\" class=\"a-lazy-loaded\" src=\"https:\/\/tappetiautoasc.it\/wp-content\/uploads\/2025\/04\/67f68bde0ff8ede837f3f6a1fdbc8064bea4695e011b3d2bd9e29.jpg\" alt=\"logo3\" data-src=\"https:\/\/m.media-amazon.com\/images\/S\/aplus-media-library-service-media\/a12b4a13-b5f7-43ea-8516-c326195eac23.__CR210,0,1090,327_PT0_SX600_V1___.png\" \/><\/div>\n<\/div>\n<\/div>\n<\/div>","protected":false},"excerpt":{"rendered":"<div id=\"productOverview_feature_div\" class=\"celwidget\" data-feature-name=\"productOverview\" data-csa-c-type=\"widget\" data-csa-c-content-id=\"productOverview\" data-csa-c-slot-id=\"productOverview_feature_div\" data-csa-c-asin=\"B0BDVG2QB6\" data-csa-c-is-in-initial-active-row=\"false\" data-csa-c-id=\"n8r7g-k97vz8-tm7mij-6pvf60\" data-cel-widget=\"productOverview_feature_div\">\n<div class=\"a-section a-spacing-small a-spacing-top-small\">\n<h1 id=\"title\" class=\"a-size-large a-spacing-none\"><span id=\"productTitle\" class=\"a-size-large product-title-word-break\">Tappetini Auto per Fiat 500X Cross-Lounge-Sport 2014-2024<\/span><\/h1>\n<table class=\"a-normal a-spacing-micro\" role=\"list\">\n<tbody>\n<tr class=\"a-spacing-small po-color\" role=\"listitem\">\n<td class=\"a-span3\" role=\"presentation\"><span class=\"a-size-base a-text-bold\">Colore<\/span><\/td>\n<td class=\"a-span9\" role=\"presentation\"><span class=\"a-size-base po-break-word\">RIGO BIANCO<\/span><\/td>\n<\/tr>\n<tr class=\"a-spacing-small po-brand\" role=\"listitem\">\n<td class=\"a-span3\" role=\"presentation\"><span class=\"a-size-base a-text-bold\">Marchio<\/span><\/td>\n<td class=\"a-span9\" role=\"presentation\"><span class=\"a-size-base po-break-word\">Generico<\/span><\/td>\n<\/tr>\n<tr class=\"a-spacing-small po-item_length_width_thickness\" role=\"listitem\">\n<td class=\"a-span3\" role=\"presentation\"><span class=\"a-size-base a-text-bold\">Dimensioni del prodotto<\/span><\/td>\n<td class=\"a-span9\" role=\"presentation\"><span class=\"a-size-base po-break-word\">80L x 45l x 3Gio cm<\/span><\/td>\n<\/tr>\n<tr class=\"a-spacing-small po-manufacturer\" role=\"listitem\">\n<td class=\"a-span3\" role=\"presentation\"><span class=\"a-size-base a-text-bold\">Produttore<\/span><\/td>\n<td class=\"a-span9\" role=\"presentation\"><span class=\"a-size-base po-break-word\">ASC<\/span><\/td>\n<\/tr>\n<\/tbody>\n<\/table>\n<\/div>\n<div id=\"glance_icons_div\" class=\"a-section a-spacing-top-base\">\n<hr class=\"a-divider-normal\" aria-hidden=\"true\" \/>\n<table class=\"a-normal\">\n<tbody>\n<tr class=\"a-spacing-base\">\n<td class=\"a-span6\">\n<table class=\"a-normal\">\n<tbody>\n<tr>\n<td><img decoding=\"async\" id=\"\" class=\"a-image-wrapper a-manually-loaded po-glance-desktop-icon\" src=\"https:\/\/m.media-amazon.com\/images\/I\/01a9-dByS4L.svg\" alt=\"\" data-a-image-source=\"https:\/\/m.media-amazon.com\/images\/I\/01a9-dByS4L.svg\" \/><\/td>\n<td><span class=\"a-size-base handle-overflow a-text-bold\">Materiale<\/span><br \/>\n<span class=\"a-size-base handle-overflow\">Moquette polipropilene con battitacco in gomma<\/span><\/td>\n<\/tr>\n<\/tbody>\n<\/table>\n<\/td>\n<td class=\"a-span6\">\n<table class=\"a-normal\">\n<tbody>\n<tr>\n<td><img decoding=\"async\" id=\"\" class=\"a-image-wrapper a-manually-loaded po-glance-desktop-icon\" src=\"https:\/\/m.media-amazon.com\/images\/I\/01L+q1ghkBL.svg\" alt=\"\" data-a-image-source=\"https:\/\/m.media-amazon.com\/images\/I\/01L+q1ghkBL.svg\" \/><\/td>\n<td><span class=\"a-size-base handle-overflow a-text-bold\">Tipo di servizio del veicolo<\/span><br \/>\n<span class=\"a-size-base handle-overflow\">Autovettura<\/span><\/td>\n<\/tr>\n<\/tbody>\n<\/table>\n<\/td>\n<\/tr>\n<tr class=\"a-spacing-base\">\n<td class=\"a-span6\">\n<table class=\"a-normal\">\n<tbody>\n<tr>\n<td><img decoding=\"async\" id=\"\" class=\"a-image-wrapper a-manually-loaded po-glance-desktop-icon\" src=\"https:\/\/m.media-amazon.com\/images\/I\/01j6qnmiN6L.svg\" alt=\"\" data-a-image-source=\"https:\/\/m.media-amazon.com\/images\/I\/01j6qnmiN6L.svg\" \/><\/td>\n<td><span class=\"a-size-base handle-overflow a-text-bold\">Posizionamento parte automatico<\/span><br \/>\n<span class=\"a-size-base handle-overflow\">Anteriore<\/span><\/td>\n<\/tr>\n<\/tbody>\n<\/table>\n<\/td>\n<td class=\"a-span6\">\n<table class=\"a-normal\">\n<tbody>\n<tr>\n<td><img decoding=\"async\" id=\"\" class=\"a-image-wrapper a-manually-loaded po-glance-desktop-icon\" src=\"https:\/\/m.media-amazon.com\/images\/I\/01hZwY33lpL.svg\" alt=\"\" data-a-image-source=\"https:\/\/m.media-amazon.com\/images\/I\/01hZwY33lpL.svg\" \/><\/td>\n<td><span class=\"a-size-base handle-overflow a-text-bold\">Vestibilit\u00e0<\/span><br \/>\n<span class=\"a-size-base handle-overflow\">FIAT 500X 2014-2022<\/span><\/td>\n<\/tr>\n<\/tbody>\n<\/table>\n<\/td>\n<\/tr>\n<\/tbody>\n<\/table>\n<\/div>\n<\/div>\n<div>\n<ul>\n<li class=\"a-spacing-mini\"><span class=\"a-list-item\"> Esclusivamente per FIAT 500X dal 2014 al 2021 ,non compatibili con altre serie <\/span><\/li>\n<li class=\"a-spacing-mini\"><span class=\"a-list-item\"> Tutti i nostri tappetini vengono prodotti con moquette di qualit\u00e0 inodore ,resistente e facile da pulire,sagomati su misura in base al pianale dell&#8217;auto <\/span><\/li>\n<li class=\"a-spacing-mini\"><span class=\"a-list-item\"> Battitacco in GOMMA elettrosaldato al lato guidatore per proteggere le zone pi\u00f9 soggette a usura. <\/span><\/li>\n<li class=\"a-spacing-mini\"><span class=\"a-list-item\"> Perfetta aderenza con l\u2019utilizzo di bordo di colore NERO-RIGO BIANCO con velcro antiscivolo e bottoni per ancoraggio sui tappeti anteriori come da modello originale,tali dispositivi impediscono al tappeto di scivolare in avanti prevenendo pericolosi inconvenienti durante la guida <\/span><\/li>\n<li class=\"a-spacing-mini\"><span class=\"a-list-item\"> Migliore rapporto qualit\u00e0-prezzo.Made in Italy <\/span><\/li>\n<\/ul>\n<\/div>","protected":false},"featured_media":15379,"template":"","meta":{"_joinchat":[]},"product_brand":[2316,2336],"product_cat":[1946,2306,2305,1919,2308,2307],"product_tag":[2344],"class_list":{"0":"post-15378","1":"product","2":"type-product","3":"status-publish","4":"has-post-thumbnail","6":"product_brand-asc","7":"product_brand-fiat","8":"product_cat-500x","9":"product_cat-accessori-per-auto","10":"product_cat-auto-e-moto","11":"product_cat-fiat-2","12":"product_cat-tappetini-abitacolo","13":"product_cat-tappetini-per-auto","14":"product_tag-dal-2014-al-2024","16":"first","17":"instock","18":"taxable","19":"shipping-taxable","20":"purchasable","21":"product-type-variable"},"_links":{"self":[{"href":"https:\/\/tappetiautoasc.it\/en\/wp-json\/wp\/v2\/product\/15378","targetHints":{"allow":["GET"]}}],"collection":[{"href":"https:\/\/tappetiautoasc.it\/en\/wp-json\/wp\/v2\/product"}],"about":[{"href":"https:\/\/tappetiautoasc.it\/en\/wp-json\/wp\/v2\/types\/product"}],"version-history":[{"count":5,"href":"https:\/\/tappetiautoasc.it\/en\/wp-json\/wp\/v2\/product\/15378\/revisions"}],"predecessor-version":[{"id":15396,"href":"https:\/\/tappetiautoasc.it\/en\/wp-json\/wp\/v2\/product\/15378\/revisions\/15396"}],"wp:featuredmedia":[{"embeddable":true,"href":"https:\/\/tappetiautoasc.it\/en\/wp-json\/wp\/v2\/media\/15379"}],"wp:attachment":[{"href":"https:\/\/tappetiautoasc.it\/en\/wp-json\/wp\/v2\/media?parent=15378"}],"wp:term":[{"taxonomy":"product_brand","embeddable":true,"href":"https:\/\/tappetiautoasc.it\/en\/wp-json\/wp\/v2\/product_brand?post=15378"},{"taxonomy":"product_cat","embeddable":true,"href":"https:\/\/tappetiautoasc.it\/en\/wp-json\/wp\/v2\/product_cat?post=15378"},{"taxonomy":"product_tag","embeddable":true,"href":"https:\/\/tappetiautoasc.it\/en\/wp-json\/wp\/v2\/product_tag?post=15378"}],"curies":[{"name":"wp","href":"https:\/\/api.w.org\/{rel}","templated":true}]}}