{"id":13057,"date":"2023-07-31T14:45:14","date_gmt":"2023-07-31T14:45:14","guid":{"rendered":"https:\/\/tappetiautoasc.it\/?post_type=product&#038;p=13057"},"modified":"2025-03-20T07:49:47","modified_gmt":"2025-03-20T07:49:47","slug":"taigo-dal-2020","status":"publish","type":"product","link":"https:\/\/tappetiautoasc.it\/en\/product\/taigo-dal-2020\/","title":{"rendered":"TAIGO dal 2020"},"content":{"rendered":"<div id=\"productDescription\" class=\"a-section a-spacing-small\">\n<h2 id=\"title\" class=\"a-size-large a-spacing-none\"><span id=\"productTitle\" class=\"a-size-large product-title-word-break\">ASC\u00a0 tappetti auto compatibili con PEUGEOT 207 dal 2006 al 2014 tappeti auto in velluto o moquette con bordo antiscivolo e battitacco in gomma<\/span><\/h2>\n<h2>Descrizione prodotto<\/h2>\n<div class=\"aplus-v2 desktop celwidget\" data-csa-c-id=\"h6ytvu-vn787s-5jqyfi-s8bif2\" data-cel-widget=\"aplus\">\n<div class=\"celwidget aplus-module module-7 aplus-standard\" data-csa-c-id=\"8gvg0j-gz29aj-f0owr8-j87sm4\" data-cel-widget=\"aplus-module-7\">\n<div class=\"aplus-module-wrapper apm-fixed-width\">\n<div class=\"apm-spacing apm-wrap\">\n<h3 class=\"a-spacing-small\">Benvenuto nel mondo della cura automobilistica al passo con lo stile e la funzionalit\u00e0! Scopri la nostra collezione di tappetini auto personalizzati dove la qualit\u00e0 incontra la creativit\u00e0.<\/h3>\n<div class=\"apm-floatleft apm-wrap\">\n<div class=\"apm-leftimage\"><img decoding=\"async\" class=\"a-spacing-mini\" src=\"https:\/\/m.media-amazon.com\/images\/S\/aplus-media-library-service-media\/c1694ff4-265f-45ac-9896-29b64de3f561.__CR126,44,340,340_PT0_SX300_V1___.png\" alt=\"logo 2\" data-src=\"https:\/\/m.media-amazon.com\/images\/S\/aplus-media-library-service-media\/c1694ff4-265f-45ac-9896-29b64de3f561.__CR126,44,340,340_PT0_SX300_V1___.png\" \/><\/div>\n<div class=\"apm-rightthirdcol\">\n<div class=\"apm-rightthirdcol-inner\">\n<h4>PROFESSIONALITA E CURA NEI DETTAGLI<\/h4>\n<p class=\"a-spacing-small a-size-small\">La &#8220;Cura nei Dettagli&#8221; che applichiamo \u00e8 il nostro modo di garantire un impegno appassionato e meticoloso. Ogni aspetto viene trattato con estrema precisione e attenzione amorevole, creando un risultato di altissima qualit\u00e0.<\/p>\n<\/div>\n<\/div>\n<div class=\"apm-centerthirdcol\">\n<h4 class=\"a-spacing-mini\">ASC TAPPETI AUTO<\/h4>\n<p class=\"a-spacing-base\">I tappetini in velluto di alta qualit\u00e0 sono accessori eleganti e funzionali per la tua . Progettati per adattarsi perfettamente agli interni, offrono un comfort superiore e una protezione duratura contro l&#8217;usura quotidiana. Questi tappetini non solo migliorano l&#8217;estetica dell&#8217;abitacolo, ma garantiscono anche un&#8217;esperienza di guida pi\u00f9 piacevole e personalizzata.<\/p>\n<h5>AZIENDA STORICA ITALIANA<\/h5>\n<p class=\"a-spacing-base\">Un&#8217;icona di eccellenza italiana, l&#8217;azienda storica incarna la maestria artigianale e l&#8217;innovazione intramontabile, intessendo una trama unica nella storia industriale del nostro paese.<\/p>","protected":false},"excerpt":{"rendered":"<div id=\"productOverview_feature_div\" class=\"celwidget\" data-feature-name=\"productOverview\" data-csa-c-type=\"widget\" data-csa-c-content-id=\"productOverview\" data-csa-c-slot-id=\"productOverview_feature_div\" data-csa-c-asin=\"B0BGT3FWQC\" data-csa-c-is-in-initial-active-row=\"false\" data-csa-c-id=\"keukj8-x0fp4a-th9gh8-dlylra\" data-cel-widget=\"productOverview_feature_div\">\n<div class=\"a-section a-spacing-small a-spacing-top-small\">\n<table class=\"a-normal a-spacing-micro\">\n<tbody>\n<tr class=\"a-spacing-small po-color\">\n<td class=\"a-span3\"><span class=\"a-size-base a-text-bold\">Colore<\/span><\/td>\n<td class=\"a-span9\"><span class=\"a-size-base po-break-word\">Nero<\/span><\/td>\n<\/tr>\n<tr class=\"a-spacing-small po-brand\">\n<td class=\"a-span3\"><span class=\"a-size-base a-text-bold\">Marchio<\/span><\/td>\n<td class=\"a-span9\"><span class=\"a-size-base po-break-word\">ASC<\/span><\/td>\n<\/tr>\n<tr class=\"a-spacing-small po-item_length_width_thickness\">\n<td class=\"a-span3\"><span class=\"a-size-base a-text-bold\">Dimensioni del prodotto<\/span><\/td>\n<td class=\"a-span9\"><span class=\"a-size-base po-break-word\">70L x 45l x 3Sp cm<\/span><\/td>\n<\/tr>\n<tr class=\"a-spacing-small po-fit_type\">\n<td class=\"a-span3\"><span class=\"a-size-base a-text-bold\">Vestibilit\u00e0<\/span><\/td>\n<td class=\"a-span9\"><span class=\"a-size-base po-break-word\">VW TAIGO dal 2020<\/span><\/td>\n<\/tr>\n<\/tbody>\n<\/table>\n<\/div>\n<div id=\"glance_icons_div\" class=\"a-section a-spacing-top-base\">\n<hr class=\"a-divider-normal\" aria-hidden=\"true\" \/>\n<table class=\"a-normal\">\n<tbody>\n<tr class=\"a-spacing-base\">\n<td class=\"a-span6\">\n<table class=\"a-normal\">\n<tbody>\n<tr>\n<td style=\"width: 39px;\"><img decoding=\"async\" src=\"https:\/\/m.media-amazon.com\/images\/I\/01a9-dByS4L.svg\" alt=\"\" width=\"36px\" height=\"36px\" \/><\/td>\n<td><span class=\"a-size-base handle-overflow a-text-bold\">Materiale<\/span><br \/>\n<span class=\"a-size-base handle-overflow\">Moquette polipropilene con battitacco in gomma<\/span><\/td>\n<\/tr>\n<\/tbody>\n<\/table>\n<\/td>\n<td class=\"a-span6\">\n<table class=\"a-normal\">\n<tbody>\n<tr>\n<td style=\"width: 39px;\"><img decoding=\"async\" src=\"https:\/\/m.media-amazon.com\/images\/I\/01L+q1ghkBL.svg\" alt=\"\" width=\"36px\" height=\"36px\" \/><\/td>\n<td><span class=\"a-size-base handle-overflow a-text-bold\">Tipo di servizio del veicolo<\/span><br \/>\n<span class=\"a-size-base handle-overflow\">Autovettura<\/span><\/td>\n<\/tr>\n<\/tbody>\n<\/table>\n<\/td>\n<\/tr>\n<\/tbody>\n<\/table>\n<\/div>\n<\/div>\n<div>\n<ul>\n<li class=\"a-spacing-mini\"><span class=\"a-list-item\"> Tappetini auto compatibili con TAIGO dal 2020 ,non compatibili con altre serie <\/span><\/li>\n<li class=\"a-spacing-mini\"><span class=\"a-list-item\"> Tutti i nostri tappetini vengono prodotti con moquette di qualit\u00e0 inodore ,resistente e facile da pulire,sagomati su misura in base al pianale dell&#8217;auto <\/span><\/li>\n<li class=\"a-spacing-mini\"><span class=\"a-list-item\"> Battitacco in GOMMA elettrosaldato al lato guidatore per proteggere le zone pi\u00f9 soggette a usura.Bordo nero antiscivolo <\/span><\/li>\n<li class=\"a-spacing-mini\"><span class=\"a-list-item\"> Perfetta aderenza con l\u2019utilizzo di bordo con velcro antiscivolo e bottoni per ancoraggio come da modello originale,tali dispositivi impediscono al tappeto di scivolare in avanti prevenendo pericolosi inconvenienti durante la guida <\/span><\/li>\n<li class=\"a-spacing-mini\"><span class=\"a-list-item\"> Migliore rapporto qualit\u00e0-prezzo <\/span><\/li>\n<\/ul>\n<\/div>","protected":false},"featured_media":3452,"template":"","meta":{"_joinchat":[]},"product_brand":[],"product_cat":[2067,1940],"product_tag":[],"class_list":{"0":"post-13057","1":"product","2":"type-product","3":"status-publish","4":"has-post-thumbnail","6":"product_cat-taigo","7":"product_cat-volkswagen","9":"first","10":"instock","11":"taxable","12":"shipping-taxable","13":"purchasable","14":"product-type-variable","15":"has-default-attributes"},"_links":{"self":[{"href":"https:\/\/tappetiautoasc.it\/en\/wp-json\/wp\/v2\/product\/13057","targetHints":{"allow":["GET"]}}],"collection":[{"href":"https:\/\/tappetiautoasc.it\/en\/wp-json\/wp\/v2\/product"}],"about":[{"href":"https:\/\/tappetiautoasc.it\/en\/wp-json\/wp\/v2\/types\/product"}],"version-history":[{"count":3,"href":"https:\/\/tappetiautoasc.it\/en\/wp-json\/wp\/v2\/product\/13057\/revisions"}],"predecessor-version":[{"id":14469,"href":"https:\/\/tappetiautoasc.it\/en\/wp-json\/wp\/v2\/product\/13057\/revisions\/14469"}],"wp:featuredmedia":[{"embeddable":true,"href":"https:\/\/tappetiautoasc.it\/en\/wp-json\/wp\/v2\/media\/3452"}],"wp:attachment":[{"href":"https:\/\/tappetiautoasc.it\/en\/wp-json\/wp\/v2\/media?parent=13057"}],"wp:term":[{"taxonomy":"product_brand","embeddable":true,"href":"https:\/\/tappetiautoasc.it\/en\/wp-json\/wp\/v2\/product_brand?post=13057"},{"taxonomy":"product_cat","embeddable":true,"href":"https:\/\/tappetiautoasc.it\/en\/wp-json\/wp\/v2\/product_cat?post=13057"},{"taxonomy":"product_tag","embeddable":true,"href":"https:\/\/tappetiautoasc.it\/en\/wp-json\/wp\/v2\/product_tag?post=13057"}],"curies":[{"name":"wp","href":"https:\/\/api.w.org\/{rel}","templated":true}]}}