{"id":12859,"date":"2023-07-31T14:43:57","date_gmt":"2023-07-31T14:43:57","guid":{"rendered":"https:\/\/tappetiautoasc.it\/?post_type=product&#038;p=12859"},"modified":"2025-03-19T16:32:36","modified_gmt":"2025-03-19T16:32:36","slug":"asc-tappetti-auto-compatibili-con-peugeot-208-dal-2019-al-2025-cod-b09gfgcxl5","status":"publish","type":"product","link":"https:\/\/tappetiautoasc.it\/en\/product\/asc-tappetti-auto-compatibili-con-peugeot-208-dal-2019-al-2025-cod-b09gfgcxl5\/","title":{"rendered":"ASC tappetino tappeto tappetti auto compatibili con PEUGEOT 208 II serie dal 2019 cod B09GFGCXL5"},"content":{"rendered":"<h2 class=\"a-section a-spacing-large bucket\">ASC tappetti auto compatibili con PEUGEOT 208 II serie dal 2019 tappeti auto in moquette o velluto con bordo antiscivolo e battitacco in gomma.<\/h2>\n<hr class=\"bucketDivider\" noshade=\"noshade\" size=\"1\" \/>\n<h2>Descrizione prodotto<\/h2>\n<div class=\"aplus-v2 desktop celwidget\" data-csa-c-id=\"s3xdd-llvl8i-xqr82a-7jeboj\" data-cel-widget=\"aplus\">\n<div class=\"celwidget aplus-module module-7 aplus-standard\" data-csa-c-id=\"fx8uve-b1x5or-tv51cl-29olmy\" data-cel-widget=\"aplus-module-7\">\n<div class=\"aplus-module-wrapper apm-fixed-width\">\n<div class=\"apm-spacing apm-wrap\">\n<h3 class=\"a-spacing-small\">Benvenuto nel mondo della cura automobilistica al passo con lo stile e la funzionalit\u00e0! Scopri la nostra collezione di tappetini auto personalizzati dove la qualit\u00e0 incontra la creativit\u00e0.<\/h3>\n<div class=\"apm-floatleft apm-wrap\">\n<div class=\"apm-leftimage\"><img decoding=\"async\" class=\"a-spacing-mini\" src=\"https:\/\/tappetiautoasc.it\/wp-content\/uploads\/2025\/03\/67cadc2f0750c1b76be1d3d57efa2a7c8c1d340c970af51724836.jpg\" alt=\"logo 2\" data-src=\"https:\/\/m.media-amazon.com\/images\/S\/aplus-media-library-service-media\/c1694ff4-265f-45ac-9896-29b64de3f561.__CR126,44,340,340_PT0_SX300_V1___.png\" \/><\/div>\n<div class=\"apm-rightthirdcol\">\n<div class=\"apm-rightthirdcol-inner\">\n<h4>PROFESSIONALITA E CURA NEI DETTAGLI<\/h4>\n<p class=\"a-spacing-small a-size-small\">La &#8220;Cura nei Dettagli&#8221; che applichiamo \u00e8 il nostro modo di garantire un impegno appassionato e meticoloso. Ogni aspetto viene trattato con estrema precisione e attenzione amorevole, creando un risultato di altissima qualit\u00e0.<\/p>\n<\/div>\n<\/div>\n<div class=\"apm-centerthirdcol\">\n<h4 class=\"a-spacing-mini\">ASC TAPPETI AUTO<\/h4>\n<p class=\"a-spacing-base\">I tappetini in velluto di alta qualit\u00e0 sono accessori eleganti e funzionali per la tua . Progettati per adattarsi perfettamente agli interni, offrono un comfort superiore e una protezione duratura contro l&#8217;usura quotidiana. Questi tappetini non solo migliorano l&#8217;estetica dell&#8217;abitacolo, ma garantiscono anche un&#8217;esperienza di guida pi\u00f9 piacevole e personalizzata.<\/p>\n<h5>AZIENDA STORICA ITALIANA<\/h5>\n<p class=\"a-spacing-base\">Un&#8217;icona di eccellenza italiana, l&#8217;azienda storica incarna la maestria artigianale e l&#8217;innovazione intramontabile, intessendo una trama unica nella storia industriale del nostro paese.<\/p>\n<\/div>\n<\/div>\n<\/div>\n<\/div>\n<div><\/div>\n<\/div>\n<div class=\"celwidget aplus-module module-10 aplus-standard\" data-csa-c-id=\"nlkp76-yfjuf3-n45rm4-8bw484\" data-cel-widget=\"aplus-module-10\">\n<div class=\"aplus-module-wrapper apm-fixed-width\">\n<div class=\"apm-spacing\">\n<div class=\"apm-lefthalfcol\">\n<div>\n<p><img decoding=\"async\" class=\"apm-floatleft a-spacing-mini a-lazy-loaded\" src=\"https:\/\/tappetiautoasc.it\/wp-content\/uploads\/2025\/03\/67cadc2f4904d426beaae15f58b2721314a90a3fe78c23e8f7c2a.jpg\" alt=\"Alta Qualita\" data-src=\"https:\/\/m.media-amazon.com\/images\/S\/aplus-media-library-service-media\/06911153-490f-4b89-92b8-7f16a5e8fb5e.__CR0,408,2448,2448_PT0_SX135_V1___.jpg\" \/><\/p>\n<h3 class=\"a-spacing-mini apm-iconheader\">Rinnova gli interni della tua auto con i nostri tappetini su misura!<\/h3>\n<\/div>\n<div><\/div>\n<div>\n<ul class=\"a-unordered-list a-vertical\">\n<li><span class=\"a-list-item\">Tutti i nostri modelli sono dotati di clip di ancoraggio come la sagoma originale.<\/span><\/li>\n<li><span class=\"a-list-item\">Il battitacco elettrosaldato non presenta nessuna cucitura e garantisce una resistenza agli urti nella zona pi\u00f9 utilizzata.<\/span><\/li>\n<li><span class=\"a-list-item\">Il montaggio \u00e8 molto semplice, basta appoggiarli in auto nella posizione corretta.<\/span><\/li>\n<\/ul>\n<\/div>\n<\/div>\n<div class=\"apm-righthalfcol\">\n<div>\n<p><img decoding=\"async\" class=\"apm-floatleft a-spacing-mini a-lazy-loaded\" src=\"https:\/\/tappetiautoasc.it\/wp-content\/uploads\/2025\/03\/67cadc2f770dc1063b686c30bc443cd850c4aaeedb3e719550f89.jpg\" alt=\"kit da 4 \" data-src=\"https:\/\/m.media-amazon.com\/images\/S\/aplus-media-library-service-media\/b78d6a21-740f-4503-be04-1ac65b851cc1.__CR0,290,2438,2438_PT0_SX135_V1___.jpg\" \/><\/p>\n<h3 class=\"a-spacing-mini apm-iconheader\">Tappetini auto su misura<\/h3>\n<\/div>\n<div><\/div>\n<div>\n<p class=\"a-spacing-base\">Da oltre 20 anni, ci impegniamo nel settore automobilistico per offrire i migliori prodotti disponibili sul web. Siamo appassionati di ci\u00f2 che facciamo, e il nostro obiettivo principale \u00e8 soddisfare al massimo le esigenze dei nostri clienti. I nostri tappetini su misura sono la soluzione perfetta per garantire una copertura completa del pianale, sagomati su ricalco originale. Con il nostro set composto da 4 tappetini (2 anteriori e 2 posteriori), avrai la certezza di ottenere una protezione ottimale per il tuo veicolo.<\/p>\n<\/div>\n<\/div>\n<div><\/div>\n<div class=\"apm-lefthalfcol\">\n<div>\n<p><img decoding=\"async\" class=\"apm-floatleft a-spacing-mini a-lazy-loaded\" src=\"https:\/\/tappetiautoasc.it\/wp-content\/uploads\/2025\/03\/67cadc2fa6368a9865ddfe9d00e9df232353d605497b5a7edc061.jpg\" alt=\"interni\" data-src=\"https:\/\/m.media-amazon.com\/images\/S\/aplus-media-library-service-media\/b3a2319a-3443-4e52-99d0-ae4adf30e635.__CR159,0,483,483_PT0_SX135_V1___.jpg\" \/><\/p>\n<h3 class=\"a-spacing-mini apm-iconheader\">Scegli la qualit\u00e0 che meriti, scegli i nostri tappetini oggi stesso!<\/h3>\n<\/div>\n<div><\/div>\n<div>\n<p class=\"a-spacing-base\">La qualit\u00e0 dei nostri prodotti \u00e8 una priorit\u00e0 assoluta, e siamo fieri di offrire un rapporto qualit\u00e0-costi altamente competitivi. Vogliamo che tu possa rinnovare e proteggere la tua auto senza dover affrontare spese non necessarie.<\/p>\n<p class=\"a-spacing-base\">Sappiamo che la tua auto merita il meglio, ed \u00e8 per questo che i nostri tappetini vengono confezionati su ordinazione direttamente nella nostra azienda. Seguiamo attentamente ogni fase del processo produttivo, garantendo che ogni dettaglio sia curato con la massima precisione e attenzione.<\/p>\n<\/div>\n<\/div>\n<div class=\"apm-righthalfcol\">\n<div>\n<p><img decoding=\"async\" class=\"apm-floatleft a-spacing-mini a-lazy-loaded\" src=\"https:\/\/tappetiautoasc.it\/wp-content\/uploads\/2025\/03\/67cadc2fc3907f391752cd05c42bb21f0463788448b37981f86ab.jpg\" alt=\"DSFRG\" data-src=\"https:\/\/m.media-amazon.com\/images\/S\/aplus-media-library-service-media\/527994b3-c1d0-4882-88a1-57a3cdd69448.__CR0,160,960,960_PT0_SX135_V1___.jpg\" \/><\/p>\n<h3 class=\"a-spacing-mini apm-iconheader\">L\u2019installazione dei nostri tappetini \u00e8 un gioco da ragazzi!<\/h3>\n<\/div>\n<div><\/div>\n<div>\n<p class=\"a-spacing-base\">Basta appoggiarli nella tua auto nella posizione corretta, e sarai pronto a goderti la comodit\u00e0 e lo stile che offrono. Inoltre, grazie alle clip di ancoraggio presenti su tutti i nostri modelli, potrai assicurarti che i tappetini restino saldamente al loro posto, proprio come la sagoma originale.<\/p>\n<p class=\"a-spacing-base\">Siamo consapevoli che ogni veicolo \u00e8 unico, ecco perch\u00e9 offriamo una vasta gamma di modelli che si adattano perfettamente alle dimensioni specifiche della tua auto. Basta fornirci marca, modello e anno di produzione, e ti garantiamo che riceverai i tappetini su misura perfetti per il tuo veicolo.<\/p>\n<\/div>\n<\/div>\n<\/div>\n<\/div>\n<div><\/div>\n<\/div>\n<div class=\"celwidget aplus-module module-12 aplus-standard\" data-csa-c-id=\"fsknor-bb08v7-f0wpcc-l4er39\" data-cel-widget=\"aplus-module-12\">\n<div class=\"aplus-module-wrapper apm-spacing apm-floatnone apm-fixed-width\">\n<div class=\"apm-sidemodule aplus-module-content\">\n<div class=\"apm-hero-image\"><img decoding=\"async\" class=\"a-lazy-loaded\" src=\"https:\/\/tappetiautoasc.it\/wp-content\/uploads\/2025\/03\/67cadc2fef7e1860960d0ca761ab568793a1699a2d9d57fa1c84e.jpg\" alt=\"15-2\" data-src=\"https:\/\/m.media-amazon.com\/images\/S\/aplus-media-library-service-media\/69d45323-7689-41f7-b46c-11d0f824a41a.__CR0,226,1024,317_PT0_SX970_V1___.jpg\" \/><\/div>\n<div class=\"textright apm-hero-text\">\n<h3>ASC ITALIA TAPPETI PER AUTOMOBILI<\/h3>\n<p>I migliori tappetini prodotti in Italia su misura compatibili con ogni auto<\/p>\n<\/div>\n<\/div>\n<\/div>\n<div><\/div>\n<\/div>\n<div class=\"celwidget aplus-module launchpad-company-logo aplus-standard\" data-csa-c-id=\"pv6mvk-6exz3n-fbwb2c-kr6biu\" data-cel-widget=\"aplus-launchpad-company-logo\">\n<div class=\"a-section a-text-center launchpad-module launchpad-module-company-logo\"><img decoding=\"async\" class=\"a-lazy-loaded\" src=\"https:\/\/tappetiautoasc.it\/wp-content\/uploads\/2025\/03\/67cadc304c0c6246e313a3e6dc478bcd32debb8e804b8bea1ca7b.jpg\" alt=\"logo3\" data-src=\"https:\/\/m.media-amazon.com\/images\/S\/aplus-media-library-service-media\/a12b4a13-b5f7-43ea-8516-c326195eac23.__CR210,0,1090,327_PT0_SX600_V1___.png\" \/><\/div>\n<\/div>\n<\/div>","protected":false},"excerpt":{"rendered":"<div id=\"productOverview_feature_div\" class=\"celwidget\" data-feature-name=\"productOverview\" data-csa-c-type=\"widget\" data-csa-c-content-id=\"productOverview\" data-csa-c-slot-id=\"productOverview_feature_div\" data-csa-c-asin=\"B09GFGCXL5\" data-csa-c-is-in-initial-active-row=\"false\" data-csa-c-id=\"tnqqm1-ajr0cj-3blw8j-dcycw4\" data-cel-widget=\"productOverview_feature_div\">\n<div class=\"a-section a-spacing-small a-spacing-top-small\">\n<h3>Tappetti auto compatibili con PEUGEOT 208 II serie dal 2019 al 2025<\/h3>\n<\/div>\n<div id=\"glance_icons_div\" class=\"a-section a-spacing-top-base\">\n<hr class=\"a-divider-normal\" aria-hidden=\"true\" \/>\n<table class=\"a-normal\">\n<tbody>\n<tr class=\"a-spacing-base\">\n<td class=\"a-span6\">\n<table class=\"a-normal\">\n<tbody>\n<tr>\n<td><img decoding=\"async\" id=\"\" class=\"a-image-wrapper a-manually-loaded po-glance-desktop-icon\" src=\"https:\/\/m.media-amazon.com\/images\/I\/01a9-dByS4L.svg\" alt=\"\" data-a-image-source=\"https:\/\/m.media-amazon.com\/images\/I\/01a9-dByS4L.svg\" \/><\/td>\n<td><span class=\"a-size-base handle-overflow a-text-bold\">Materiale<\/span><br \/>\n<span class=\"a-size-base handle-overflow\">Gomma<\/span><\/td>\n<\/tr>\n<\/tbody>\n<\/table>\n<\/td>\n<td class=\"a-span6\">\n<table class=\"a-normal\">\n<tbody>\n<tr>\n<td><img decoding=\"async\" id=\"\" class=\"a-image-wrapper a-manually-loaded po-glance-desktop-icon\" src=\"https:\/\/m.media-amazon.com\/images\/I\/01L+q1ghkBL.svg\" alt=\"\" data-a-image-source=\"https:\/\/m.media-amazon.com\/images\/I\/01L+q1ghkBL.svg\" \/><\/td>\n<td><span class=\"a-size-base handle-overflow a-text-bold\">Tipo di servizio del veicolo<\/span><br \/>\n<span class=\"a-size-base handle-overflow\">Autovettura<\/span><\/td>\n<\/tr>\n<\/tbody>\n<\/table>\n<\/td>\n<\/tr>\n<tr class=\"a-spacing-base\">\n<td class=\"a-span6\">\n<table class=\"a-normal\">\n<tbody>\n<tr>\n<td><img decoding=\"async\" id=\"\" class=\"a-image-wrapper a-manually-loaded po-glance-desktop-icon\" src=\"https:\/\/m.media-amazon.com\/images\/I\/01j6qnmiN6L.svg\" alt=\"\" data-a-image-source=\"https:\/\/m.media-amazon.com\/images\/I\/01j6qnmiN6L.svg\" \/><\/td>\n<td><span class=\"a-size-base handle-overflow a-text-bold\">Posizionamento parte automatico<\/span><br \/>\n<span class=\"a-size-base handle-overflow\">Anteriore<\/span><\/td>\n<\/tr>\n<\/tbody>\n<\/table>\n<\/td>\n<td class=\"a-span6\">\n<table class=\"a-normal\">\n<tbody>\n<tr>\n<td><img decoding=\"async\" id=\"\" class=\"a-image-wrapper a-manually-loaded po-glance-desktop-icon\" src=\"https:\/\/m.media-amazon.com\/images\/I\/01hZwY33lpL.svg\" alt=\"\" data-a-image-source=\"https:\/\/m.media-amazon.com\/images\/I\/01hZwY33lpL.svg\" \/><\/td>\n<td><span class=\"a-size-base handle-overflow a-text-bold\">Vestibilit\u00e0<\/span><br \/>\n<span class=\"a-size-base handle-overflow\">Specifica per veicolo<\/span><\/td>\n<\/tr>\n<\/tbody>\n<\/table>\n<\/td>\n<\/tr>\n<\/tbody>\n<\/table>\n<\/div>\n<\/div>","protected":false},"featured_media":3264,"template":"","meta":{"_joinchat":[]},"product_brand":[],"product_cat":[2058,1929],"product_tag":[],"class_list":{"0":"post-12859","1":"product","2":"type-product","3":"status-publish","4":"has-post-thumbnail","6":"product_cat-208-peugeot-2","7":"product_cat-peugeot","9":"first","10":"instock","11":"taxable","12":"shipping-taxable","13":"purchasable","14":"product-type-variable","15":"has-default-attributes"},"_links":{"self":[{"href":"https:\/\/tappetiautoasc.it\/en\/wp-json\/wp\/v2\/product\/12859","targetHints":{"allow":["GET"]}}],"collection":[{"href":"https:\/\/tappetiautoasc.it\/en\/wp-json\/wp\/v2\/product"}],"about":[{"href":"https:\/\/tappetiautoasc.it\/en\/wp-json\/wp\/v2\/types\/product"}],"version-history":[{"count":8,"href":"https:\/\/tappetiautoasc.it\/en\/wp-json\/wp\/v2\/product\/12859\/revisions"}],"predecessor-version":[{"id":15165,"href":"https:\/\/tappetiautoasc.it\/en\/wp-json\/wp\/v2\/product\/12859\/revisions\/15165"}],"wp:featuredmedia":[{"embeddable":true,"href":"https:\/\/tappetiautoasc.it\/en\/wp-json\/wp\/v2\/media\/3264"}],"wp:attachment":[{"href":"https:\/\/tappetiautoasc.it\/en\/wp-json\/wp\/v2\/media?parent=12859"}],"wp:term":[{"taxonomy":"product_brand","embeddable":true,"href":"https:\/\/tappetiautoasc.it\/en\/wp-json\/wp\/v2\/product_brand?post=12859"},{"taxonomy":"product_cat","embeddable":true,"href":"https:\/\/tappetiautoasc.it\/en\/wp-json\/wp\/v2\/product_cat?post=12859"},{"taxonomy":"product_tag","embeddable":true,"href":"https:\/\/tappetiautoasc.it\/en\/wp-json\/wp\/v2\/product_tag?post=12859"}],"curies":[{"name":"wp","href":"https:\/\/api.w.org\/{rel}","templated":true}]}}